{"id":229,"date":"2017-08-09T10:51:18","date_gmt":"2017-08-09T10:51:18","guid":{"rendered":"http:\/\/www.mcgestudio.com\/2015\/?page_id=229"},"modified":"2019-07-13T09:22:30","modified_gmt":"2019-07-13T09:22:30","slug":"imagen-corporativa","status":"publish","type":"page","link":"https:\/\/mcgestudio.com\/2015\/trabajos\/imagen-corporativa\/","title":{"rendered":"Imagen Corporativa"},"content":{"rendered":"<div id=\"dslc-main\">\r\n\t\t\t<div  class=\"dslc-modules-section \" style=\"\" data-section-id=\"a11e6d8e80e\">\r\n\t\t\t\t\r\n\t\t\t\t\r\n\t\t\t\t<div class=\"dslc-modules-section-wrapper dslc-clearfix\"><div  class=\"dslc-modules-area dslc-col dslc-12-col dslc-last-col\" data-size=\"12\" data-valign=\"\" data-modules-area-id=\"\" ><style type=\"text\/css\" id=\"dslca-modules-area-\"><\/style><\/div><\/div><\/div>\r\n\t\t\t<div  class=\"dslc-modules-section \" style=\"padding-top:0px;padding-bottom:0px;background-image:url(https:\/\/mcgestudio.com\/2015\/wp-content\/uploads\/2015\/04\/fondo.jpg);background-repeat:repeat-x;\" data-section-id=\"c88f5479455\">\r\n\t\t\t\t\r\n\t\t\t\t\r\n\t\t\t\t<div class=\"dslc-modules-section-wrapper dslc-clearfix\"><div  class=\"dslc-modules-area dslc-col dslc-12-col dslc-last-col\" data-size=\"12\" data-valign=\"\" data-modules-area-id=\"\" ><style type=\"text\/css\" id=\"dslca-modules-area-\"><\/style>\r\n\t\t<div id=\"dslc-module-eb8a54855e5\" class=\"dslc-module-front dslc-module-DSLC_Text_Simple dslc-in-viewport-check dslc-in-viewport-anim-none  dslc-col dslc-12-col dslc-last-col  dslc-module-handle-like-regular \" data-module-id=\"eb8a54855e5\" data-module=\"DSLC_Text_Simple\" data-dslc-module-size=\"12\" data-dslc-anim=\"none\" data-dslc-anim-delay=\"\" data-dslc-anim-duration=\"650\"  data-dslc-anim-easing=\"ease\" data-dslc-preset=\"none\" >\r\n\r\n\t\t\t\r\n\t\t\t\r\n\t\t\n\t\t<div class=\"dslc-text-module-content\">\n\t\t\t<h1 style=\"text-align: center;\"><span style=\"color: #99cc00;\"><span style=\"color: #ffffff;\"><span style=\"color: #99cc00;\">I<\/span>magen <span style=\"color: #99cc00;\">C<\/span>orporativa<\/span><\/span><\/h1>\t\t<\/div>\n\n\t\t\r\n\t\t\t\t<\/div><!-- .dslc-module -->\r\n\t\t<\/div><div  class=\"dslc-modules-area dslc-col dslc-12-col dslc-last-col\" data-size=\"12\" data-valign=\"\" data-modules-area-id=\"\" ><style type=\"text\/css\" id=\"dslca-modules-area-\"><\/style>\r\n\t\t<div id=\"dslc-module-38c13f4a93f\" class=\"dslc-module-front dslc-module-DSLC_Text_Simple dslc-in-viewport-check dslc-in-viewport-anim-none  dslc-col dslc-12-col dslc-last-col  dslc-module-handle-like-regular \" data-module-id=\"38c13f4a93f\" data-module=\"DSLC_Text_Simple\" data-dslc-module-size=\"12\" data-dslc-anim=\"none\" data-dslc-anim-delay=\"\" data-dslc-anim-duration=\"650\"  data-dslc-anim-easing=\"ease\" data-dslc-preset=\"none\" >\r\n\r\n\t\t\t\r\n\t\t\t\r\n\t\t\n\t\t<div class=\"dslc-text-module-content\">\n\t\t\t<h3 style=\"text-align: center;\"><span style=\"color: #ffffff;\">La imagen principal de tu empresa, lo primero que ver\u00e1n tus clientes, tu carta de presentaci\u00f3n y declaraci\u00f3n de intenciones... eso es un logotipo y su imagen corporativa\u00a0<\/span><\/h3>\t\t<\/div>\n\n\t\t\r\n\t\t\t\t<\/div><!-- .dslc-module -->\r\n\t\t<\/div><\/div><\/div>\r\n\t\t\t<div  class=\"dslc-modules-section  dslc-no-columns-spacing \" style=\"margin-bottom:130px;padding-top:58px;padding-bottom:58px;\" data-section-id=\"d875edc35c4\">\r\n\t\t\t\t\r\n\t\t\t\t\r\n\t\t\t\t<div class=\"dslc-modules-section-wrapper dslc-clearfix\"><div  class=\"dslc-modules-area dslc-col dslc-12-col dslc-last-col\" data-size=\"12\" data-valign=\"\" data-modules-area-id=\"\" ><style type=\"text\/css\" id=\"dslca-modules-area-\"><\/style>\r\n\t\t<div id=\"dslc-module-hojh8c2al6\" class=\"dslc-module-front dslc-module-DSLC_Text_Simple dslc-in-viewport-check dslc-in-viewport-anim-none  dslc-col dslc-5-col  dslc-module-handle-like-regular \" data-module-id=\"hojh8c2al6\" data-module=\"DSLC_Text_Simple\" data-dslc-module-size=\"5\" data-dslc-anim=\"none\" data-dslc-anim-delay=\"\" data-dslc-anim-duration=\"650\"  data-dslc-anim-easing=\"ease\" data-dslc-preset=\"none\" >\r\n\r\n\t\t\t\r\n\t\t\t\r\n\t\t\n\t\t<div class=\"dslc-text-module-content\">\n\t\t\t<h2 style=\"text-align: left;\">\u00bfQu\u00e9 es y para que sirve?<\/h2><p><br>Cualquiera a la hora de salir a la calle, acudir a una cita o entrevista o incluso porque s\u00ed, le gusta cuidar su imagen. Vestirte, asearte y cuidar tu aspecto es algo que se hace de manera casi inconsciente buscando sentirte bien y agradar a la gente con la que te relacionas.<br><br>En el caso de la imagen de tu empresa, debes realizar las mismas acciones, cuidando su aspecto, imagen, relaciones... con el fin de agradar y causar una impresi\u00f3n inmejorable en tus clientes.<br><br>En este apartado ver\u00e1s una peque\u00f1a selecci\u00f3n de logotipos y aplicaciones de imagen corporativa con la que te podr\u00e1s hacer una idea de las posibilidades que hay.<\/p>\t\t<\/div>\n\n\t\t\r\n\t\t\t\t<\/div><!-- .dslc-module -->\r\n\t\t\r\n\t\t<div id=\"dslc-module-kn9bfv0kt28\" class=\"dslc-module-front dslc-module-DSLC_Image dslc-in-viewport-check dslc-in-viewport-anim-sklcPulse  dslc-col dslc-6-col  dslc-module-handle-like-regular \" data-module-id=\"kn9bfv0kt28\" data-module=\"DSLC_Image\" data-dslc-module-size=\"6\" data-dslc-anim=\"sklcPulse\" data-dslc-anim-delay=\"\" data-dslc-anim-duration=\"650\"  data-dslc-anim-easing=\"ease-out\" data-dslc-preset=\"none\" >\r\n\r\n\t\t\t\r\n\t\t\t\r\n\t\t\t\t<div class=\"dslc-image-container\">\r\n\t\t<div class=\"dslc-image\">\r\n\r\n\t\t\t\r\n\t\t\t\t\r\n\t\t\t\t\t\t\t\t\t<img src=\"https:\/\/mcgestudio.com\/2015\/wp-content\/uploads\/2015\/05\/DESARROLLO-ALCOKITEX.jpg\" alt=\"\" title=\"\" srcset=\"https:\/\/mcgestudio.com\/2015\/wp-content\/uploads\/2015\/05\/DESARROLLO-ALCOKITEX.jpg 1654w, https:\/\/mcgestudio.com\/2015\/wp-content\/uploads\/2015\/05\/DESARROLLO-ALCOKITEX-300x212.jpg 300w, https:\/\/mcgestudio.com\/2015\/wp-content\/uploads\/2015\/05\/DESARROLLO-ALCOKITEX-768x543.jpg 768w, https:\/\/mcgestudio.com\/2015\/wp-content\/uploads\/2015\/05\/DESARROLLO-ALCOKITEX-1024x724.jpg 1024w\" sizes=\"(max-width: 1654px) 100vw, 1654px\" \/>\r\n\t\t\t\t\r\n\t\t\t\t\t\t\t\t\t<\/div><!-- .dslc-image -->\r\n\t\t<\/div>\r\n\t\t\r\n\t\t\t\t<\/div><!-- .dslc-module -->\r\n\t\t\r\n\t\t<div id=\"dslc-module-8a60d03a98c\" class=\"dslc-module-front dslc-module-DSLC_Separator dslc-in-viewport-check dslc-in-viewport-anim-none  dslc-col dslc-12-col  dslc-module-handle-like-regular \" data-module-id=\"8a60d03a98c\" data-module=\"DSLC_Separator\" data-dslc-module-size=\"12\" data-dslc-anim=\"none\" data-dslc-anim-delay=\"\" data-dslc-anim-duration=\"650\"  data-dslc-anim-easing=\"ease\" data-dslc-preset=\"none\" >\r\n\r\n\t\t\t\r\n\t\t\t\r\n\t\t\t\t\t<div class=\"dslc-separator-wrapper\">\n\t\t\t\t<div class=\"dslc-separator dslc-separator-style-solid\">\n\t\t\t\t\t\t\t\t\t<\/div>\n\t\t\t\t<div><\/div>\n\t\t\t<\/div><!-- .dslc-separator-wrapper -->\n\t\t\t\r\n\t\t\t\t<\/div><!-- .dslc-module -->\r\n\t\t\r\n\t\t<div id=\"dslc-module-rp0m1rqbu1g\" class=\"dslc-module-front dslc-module-DSLC_Text_Simple dslc-in-viewport-check dslc-in-viewport-anim-none  dslc-col dslc-12-col  dslc-module-handle-like-regular \" data-module-id=\"rp0m1rqbu1g\" data-module=\"DSLC_Text_Simple\" data-dslc-module-size=\"12\" data-dslc-anim=\"none\" data-dslc-anim-delay=\"\" data-dslc-anim-duration=\"650\"  data-dslc-anim-easing=\"ease\" data-dslc-preset=\"none\" >\r\n\r\n\t\t\t\r\n\t\t\t\r\n\t\t\n\t\t<div class=\"dslc-text-module-content\">\n\t\t\t<h2>El Logotipo<\/h2>\nA la hora de construir una marca hay que tener muy en cuenta la imagen que se desea proyectar, a qu\u00e9 p\u00fablico se dirige, qu\u00e9 ofrece... Esta imagen debe ser reconocible y lo suficientemente \"potente\" como para que pueda ser recordada por el cliente potencial cuando necesite de los servicios ofrecidos.\n\nSin ning\u00fan tipo de texto adicional o explicativo debe de proyectar la imagen y dedicaci\u00f3n de la empresa que representa.\t\t<\/div>\n\n\t\t\r\n\t\t\t\t<\/div><!-- .dslc-module -->\r\n\t\t\r\n\t\t<div id=\"dslc-module-f7bb254236a\" class=\"dslc-module-front dslc-module-DSLC_Shortcode dslc-in-viewport-check dslc-in-viewport-anim-none  dslc-col dslc-12-col  dslc-module-handle-like-regular \" data-module-id=\"f7bb254236a\" data-module=\"DSLC_Shortcode\" data-dslc-module-size=\"12\" data-dslc-anim=\"none\" data-dslc-anim-delay=\"\" data-dslc-anim-duration=\"650\"  data-dslc-anim-easing=\"ease\" data-dslc-preset=\"none\" >\r\n\r\n\t\t\t\r\n\t\t\t\r\n\t\t\t\t<div class=\"dslc-module-shortcode\">\n\t\t\t[slide-anything id=\"315\"]\t\t<\/div>\n\t\t\r\n\t\t\t\t<\/div><!-- .dslc-module -->\r\n\t\t\r\n\t\t<div id=\"dslc-module-0rsfijo917o\" class=\"dslc-module-front dslc-module-DSLC_Text_Simple dslc-in-viewport-check dslc-in-viewport-anim-none  dslc-col dslc-12-col  dslc-module-handle-like-regular \" data-module-id=\"0rsfijo917o\" data-module=\"DSLC_Text_Simple\" data-dslc-module-size=\"12\" data-dslc-anim=\"none\" data-dslc-anim-delay=\"\" data-dslc-anim-duration=\"650\"  data-dslc-anim-easing=\"ease\" data-dslc-preset=\"none\" >\r\n\r\n\t\t\t\r\n\t\t\t\r\n\t\t\n\t\t<div class=\"dslc-text-module-content\">\n\t\t\t<h2>La aplicaci\u00f3n del logotipo<\/h2>\n<br>A continuaci\u00f3n ver\u00e1s una peque\u00f1a selecci\u00f3n de logotipos y su aplicaci\u00f3n corporativa, manteniendo la unidad y el mismo estilo de marca, transmitiendo una sensaci\u00f3n de firmeza, seriedad y profesionalidad del dise\u00f1o.<br>\n<br>Piensa que la misma sensaci\u00f3n que percibes al visualizarlo es lo que percibir\u00e1 tu cliente.<br>\t\t<\/div>\n\n\t\t\r\n\t\t\t\t<\/div><!-- .dslc-module -->\r\n\t\t<\/div><div  class=\"dslc-modules-area dslc-col dslc-12-col dslc-last-col\" data-size=\"12\" data-valign=\"\" data-modules-area-id=\"\" ><style type=\"text\/css\" id=\"dslca-modules-area-\"><\/style>\r\n\t\t<div id=\"dslc-module-1nj8dm2fkb\" class=\"dslc-module-front dslc-module-DSLC_Image dslc-in-viewport-check dslc-in-viewport-anim-sklcPulse  dslc-col dslc-4-col  dslc-module-handle-like-regular \" data-module-id=\"1nj8dm2fkb\" data-module=\"DSLC_Image\" data-dslc-module-size=\"4\" data-dslc-anim=\"sklcPulse\" data-dslc-anim-delay=\"\" data-dslc-anim-duration=\"650\"  data-dslc-anim-easing=\"ease-out\" data-dslc-preset=\"none\" >\r\n\r\n\t\t\t\r\n\t\t\t\r\n\t\t\t\t<div class=\"dslc-image-container\">\r\n\t\t<div class=\"dslc-image\">\r\n\r\n\t\t\t\r\n\t\t\t\t\r\n\t\t\t\t\t\t\t\t\t<a class=\"dslc-lightbox-image \" href=\"https:\/\/mcgestudio.com\/2015\/wp-content\/uploads\/2017\/08\/DESARROLLO-PT.jpg\" target=\"_self\"  >\r\n\t\t\t\t\t\t\t\t\t<img src=\"https:\/\/mcgestudio.com\/2015\/wp-content\/uploads\/2016\/08\/big_img3.jpg\" alt=\"Desarrollo Peque\u00f1os Tesoros\" title=\"Desarrollo Peque\u00f1os Tesoros\" srcset=\"https:\/\/mcgestudio.com\/2015\/wp-content\/uploads\/2016\/08\/big_img3.jpg 964w, https:\/\/mcgestudio.com\/2015\/wp-content\/uploads\/2016\/08\/big_img3-300x219.jpg 300w, https:\/\/mcgestudio.com\/2015\/wp-content\/uploads\/2016\/08\/big_img3-768x561.jpg 768w\" sizes=\"(max-width: 964px) 100vw, 964px\" \/>\r\n\t\t\t\t\t\t\t\t\t<\/a>\r\n\t\t\t\t\r\n\t\t\t\t\r\n\t\t\t\t\t<div class=\"dslc-image-caption\">\r\n\r\n\t\t\t\t\t\t\t\t\t\t\t\t\tDesarrollo gr\u00e1fico de marca Peque\u00f1os Tesoros\t\t\t\t\t\t\t\t\t\t\t<\/div>\r\n\t\t\t\t\t\t\t\t\t<\/div><!-- .dslc-image -->\r\n\t\t<\/div>\r\n\t\t\r\n\t\t\t\t<\/div><!-- .dslc-module -->\r\n\t\t\r\n\t\t<div id=\"dslc-module-0poe848k4g8\" class=\"dslc-module-front dslc-module-DSLC_Image dslc-in-viewport-check dslc-in-viewport-anim-sklcPulse  dslc-col dslc-4-col  dslc-module-handle-like-regular \" data-module-id=\"0poe848k4g8\" data-module=\"DSLC_Image\" data-dslc-module-size=\"4\" data-dslc-anim=\"sklcPulse\" data-dslc-anim-delay=\"\" data-dslc-anim-duration=\"650\"  data-dslc-anim-easing=\"ease-out\" data-dslc-preset=\"none\" >\r\n\r\n\t\t\t\r\n\t\t\t\r\n\t\t\t\t<div class=\"dslc-image-container\">\r\n\t\t<div class=\"dslc-image\">\r\n\r\n\t\t\t\r\n\t\t\t\t\r\n\t\t\t\t\t\t\t\t\t<a class=\"dslc-lightbox-image \" href=\"https:\/\/mcgestudio.com\/2015\/wp-content\/uploads\/2015\/05\/DESARROLLO-ENTREPUERTAS.jpg\" target=\"_self\"  >\r\n\t\t\t\t\t\t\t\t\t<img src=\"https:\/\/mcgestudio.com\/2015\/wp-content\/uploads\/2015\/05\/Entrepuertas.jpg\" alt=\"Desarrollo EntrePuertas\" title=\"Desarrollo EntrePuertas\" srcset=\"https:\/\/mcgestudio.com\/2015\/wp-content\/uploads\/2015\/05\/Entrepuertas.jpg 964w, https:\/\/mcgestudio.com\/2015\/wp-content\/uploads\/2015\/05\/Entrepuertas-300x219.jpg 300w, https:\/\/mcgestudio.com\/2015\/wp-content\/uploads\/2015\/05\/Entrepuertas-768x561.jpg 768w\" sizes=\"(max-width: 964px) 100vw, 964px\" \/>\r\n\t\t\t\t\t\t\t\t\t<\/a>\r\n\t\t\t\t\r\n\t\t\t\t\r\n\t\t\t\t\t<div class=\"dslc-image-caption\">\r\n\r\n\t\t\t\t\t\t\t\t\t\t\t\t\tDesarrollo de tarjetas y mantel\u00edn restaurante EntrePuertas\t\t\t\t\t\t\t\t\t\t\t<\/div>\r\n\t\t\t\t\t\t\t\t\t<\/div><!-- .dslc-image -->\r\n\t\t<\/div>\r\n\t\t\r\n\t\t\t\t<\/div><!-- .dslc-module -->\r\n\t\t\r\n\t\t<div id=\"dslc-module-8tttpnmqtt\" class=\"dslc-module-front dslc-module-DSLC_Image dslc-in-viewport-check dslc-in-viewport-anim-sklcPulse  dslc-col dslc-4-col dslc-last-col  dslc-module-handle-like-regular \" data-module-id=\"8tttpnmqtt\" data-module=\"DSLC_Image\" data-dslc-module-size=\"4\" data-dslc-anim=\"sklcPulse\" data-dslc-anim-delay=\"\" data-dslc-anim-duration=\"650\"  data-dslc-anim-easing=\"ease-out\" data-dslc-preset=\"none\" >\r\n\r\n\t\t\t\r\n\t\t\t\r\n\t\t\t\t<div class=\"dslc-image-container\">\r\n\t\t<div class=\"dslc-image\">\r\n\r\n\t\t\t\r\n\t\t\t\t\r\n\t\t\t\t\t\t\t\t\t<a class=\"dslc-lightbox-image \" href=\"https:\/\/mcgestudio.com\/2015\/wp-content\/uploads\/2015\/05\/DESARROLLO-DAYLU.jpg\" target=\"_self\"  >\r\n\t\t\t\t\t\t\t\t\t<img src=\"https:\/\/mcgestudio.com\/2015\/wp-content\/uploads\/2015\/05\/Daylu.jpg\" alt=\"Desarrollo Daylupool\" title=\"Desarrollo Daylupool\" srcset=\"https:\/\/mcgestudio.com\/2015\/wp-content\/uploads\/2015\/05\/Daylu.jpg 964w, https:\/\/mcgestudio.com\/2015\/wp-content\/uploads\/2015\/05\/Daylu-300x219.jpg 300w, https:\/\/mcgestudio.com\/2015\/wp-content\/uploads\/2015\/05\/Daylu-768x561.jpg 768w\" sizes=\"(max-width: 964px) 100vw, 964px\" \/>\r\n\t\t\t\t\t\t\t\t\t<\/a>\r\n\t\t\t\t\r\n\t\t\t\t\r\n\t\t\t\t\t<div class=\"dslc-image-caption\">\r\n\r\n\t\t\t\t\t\t\t\t\t\t\t\t\tDesarrollo de tarjeta, hoja de factura y cat\u00e1logo de Daylupool\t\t\t\t\t\t\t\t\t\t\t<\/div>\r\n\t\t\t\t\t\t\t\t\t<\/div><!-- .dslc-image -->\r\n\t\t<\/div>\r\n\t\t\r\n\t\t\t\t<\/div><!-- .dslc-module -->\r\n\t\t<\/div><\/div><\/div><\/div>","protected":false},"excerpt":{"rendered":"<p>Imagen Corporativa La imagen principal de tu empresa, lo primero que ver\u00e1n tus clientes, tu carta de presentaci\u00f3n y declaraci\u00f3n de intenciones... eso es un logotipo y su imagen corporativa\u00a0 \u00bfQu\u00e9 es y para que sirve?Cualquiera a la hora de salir a la calle, acudir a una cita o entrevista o incluso porque s\u00ed, le [&hellip;]<\/p>\n","protected":false},"author":1,"featured_media":0,"parent":260,"menu_order":0,"comment_status":"closed","ping_status":"closed","template":"","meta":{"footnotes":""},"class_list":["post-229","page","type-page","status-publish","hentry"],"_links":{"self":[{"href":"https:\/\/mcgestudio.com\/2015\/wp-json\/wp\/v2\/pages\/229","targetHints":{"allow":["GET"]}}],"collection":[{"href":"https:\/\/mcgestudio.com\/2015\/wp-json\/wp\/v2\/pages"}],"about":[{"href":"https:\/\/mcgestudio.com\/2015\/wp-json\/wp\/v2\/types\/page"}],"author":[{"embeddable":true,"href":"https:\/\/mcgestudio.com\/2015\/wp-json\/wp\/v2\/users\/1"}],"replies":[{"embeddable":true,"href":"https:\/\/mcgestudio.com\/2015\/wp-json\/wp\/v2\/comments?post=229"}],"version-history":[{"count":5,"href":"https:\/\/mcgestudio.com\/2015\/wp-json\/wp\/v2\/pages\/229\/revisions"}],"predecessor-version":[{"id":266,"href":"https:\/\/mcgestudio.com\/2015\/wp-json\/wp\/v2\/pages\/229\/revisions\/266"}],"up":[{"embeddable":true,"href":"https:\/\/mcgestudio.com\/2015\/wp-json\/wp\/v2\/pages\/260"}],"wp:attachment":[{"href":"https:\/\/mcgestudio.com\/2015\/wp-json\/wp\/v2\/media?parent=229"}],"curies":[{"name":"wp","href":"https:\/\/api.w.org\/{rel}","templated":true}]}}