{"id":239,"date":"2017-08-10T10:26:07","date_gmt":"2017-08-10T10:26:07","guid":{"rendered":"http:\/\/www.mcgestudio.com\/2015\/?page_id=239"},"modified":"2026-04-15T08:14:37","modified_gmt":"2026-04-15T08:14:37","slug":"hablamos","status":"publish","type":"page","link":"https:\/\/mcgestudio.com\/2015\/hablamos\/","title":{"rendered":"contacto"},"content":{"rendered":"<div id=\"dslc-main\">\r\n\t\t\t<div  class=\"dslc-modules-section  dslc-valign-  dslc-halign- \" style=\"\" data-section-id=\"1f7e0406568\">\r\n\t\t\t\t\r\n\t\t\t\t\r\n\t\t\t\t<div class=\"dslc-modules-section-wrapper dslc-clearfix\"><div  class=\"dslc-modules-area dslc-col dslc-12-col dslc-last-col dslc-valign-  dslc-halign- \" data-size=\"12\" data-valign=\"\" data-modules-area-id=\"4a813f83a70\" ><style type=\"text\/css\" id=\"dslca-modules-area-4a813f83a70\">.dslc-modules-area[data-modules-area-id=\"4a813f83a70\"] {:px;margin-bottom:0px;:px;background-repeat:repeat;background-position:left top;background-attachment:scroll;background-size:auto;border-width:0px;border-style:solid;}<\/style><\/div><\/div><\/div>\r\n\t\t\t<div  class=\"dslc-modules-section  dslc-valign-  dslc-halign- \" style=\"padding-top:82px;padding-bottom:82px;background-image:url(https:\/\/mcgestudio.com\/2015\/wp-content\/uploads\/2015\/04\/fondo.jpg);background-repeat:repeat-x;\" data-section-id=\"1f7e0406568\">\r\n\t\t\t\t\r\n\t\t\t\t\r\n\t\t\t\t<div class=\"dslc-modules-section-wrapper dslc-clearfix\"><div  class=\"dslc-modules-area dslc-col dslc-12-col dslc-last-col dslc-valign-  dslc-halign- \" data-size=\"12\" data-valign=\"\" data-modules-area-id=\"66dea176f5b\" ><style type=\"text\/css\" id=\"dslca-modules-area-66dea176f5b\">.dslc-modules-area[data-modules-area-id=\"66dea176f5b\"] {:px;margin-bottom:0px;:px;background-repeat:repeat;background-position:left top;background-attachment:scroll;background-size:auto;border-width:0px;border-style:solid;}<\/style>\r\n\t\t<div id=\"dslc-module-e538e6da7bd\" class=\"dslc-module-front dslc-module-DSLC_Text_Simple dslc-in-viewport-check dslc-in-viewport-anim-none  dslc-col dslc-12-col dslc-last-col  dslc-module-handle-like-regular \" data-module-id=\"e538e6da7bd\" data-module=\"DSLC_Text_Simple\" data-dslc-module-size=\"12\" data-dslc-anim=\"none\" data-dslc-anim-delay=\"\" data-dslc-anim-duration=\"650\"  data-dslc-anim-easing=\"ease\" data-dslc-preset=\"none\" >\r\n\r\n\t\t\t\r\n\t\t\t\r\n\t\t\n\t\t<div class=\"dslc-text-module-content\">\n\t\t\t<h1 style=\"text-align: center;\"><span style=\"color: #808080;\"><span style=\"color: #99cc00;\">H<\/span><span style=\"color: #ffffff;\">ablamos<\/span><\/span><\/h1>\t\t<\/div>\n\n\t\t\r\n\t\t\t\t<\/div><!-- .dslc-module -->\r\n\t\t\r\n\t\t<div id=\"dslc-module-d2c1436f004\" class=\"dslc-module-front dslc-module-DSLC_Text_Simple dslc-in-viewport-check dslc-in-viewport-anim-none  dslc-col dslc-12-col dslc-last-col  dslc-module-handle-like-regular \" data-module-id=\"d2c1436f004\" data-module=\"DSLC_Text_Simple\" data-dslc-module-size=\"12\" data-dslc-anim=\"none\" data-dslc-anim-delay=\"\" data-dslc-anim-duration=\"650\"  data-dslc-anim-easing=\"ease\" data-dslc-preset=\"none\" >\r\n\r\n\t\t\t\r\n\t\t\t\r\n\t\t\n\t\t<div class=\"dslc-text-module-content\">\n\t\t\t<h3><span style=\"color: #ffffff;\">Si te parece un trabajo interesante y crees que puedo ayudarte en tu proyecto, si desear\u00edas un presupuesto a medida, si tienes algun tipo de duda... no dudes en contactar y estar\u00e9 encantado en responderte.<\/span><\/h3>\t\t<\/div>\n\n\t\t\r\n\t\t\t\t<\/div><!-- .dslc-module -->\r\n\t\t<\/div><\/div><\/div>\r\n\t\t\t<div  class=\"dslc-modules-section  dslc-valign-  dslc-halign- \" style=\"\" data-section-id=\"1f7e0406568\">\r\n\t\t\t\t\r\n\t\t\t\t\r\n\t\t\t\t<div class=\"dslc-modules-section-wrapper dslc-clearfix\"><div  class=\"dslc-modules-area dslc-col dslc-12-col dslc-last-col dslc-valign-  dslc-halign- \" data-size=\"12\" data-valign=\"\" data-modules-area-id=\"d5baf204d1d\" ><style type=\"text\/css\" id=\"dslca-modules-area-d5baf204d1d\">.dslc-modules-area[data-modules-area-id=\"d5baf204d1d\"] {:px;margin-bottom:0px;:px;background-repeat:repeat;background-position:left top;background-attachment:scroll;background-size:auto;border-width:0px;border-style:solid;}<\/style>\r\n\t\t<div id=\"dslc-module-ac918f8a6b3\" class=\"dslc-module-front dslc-module-DSLC_Text_Simple dslc-in-viewport-check dslc-in-viewport-anim-none  dslc-col dslc-4-col  dslc-module-handle-like-regular \" data-module-id=\"ac918f8a6b3\" data-module=\"DSLC_Text_Simple\" data-dslc-module-size=\"4\" data-dslc-anim=\"none\" data-dslc-anim-delay=\"\" data-dslc-anim-duration=\"650\"  data-dslc-anim-easing=\"ease\" data-dslc-preset=\"none\" >\r\n\r\n\t\t\t\r\n\t\t\t\r\n\t\t\n\t\t<div class=\"dslc-text-module-content\">\n\t\t\t<p><span style=\"color: #808080;\">Manuel Campos Galv\u00e1n<\/span><\/p><p><span style=\"color: #808080;\">Villanueva del Ariscal, Sevilla<\/span><br><span style=\"color: #808080;\"> 625 851 800<\/span><br><span style=\"color: #808080;\"> mcg@mcgestudio.com<\/span><\/p><p><a href=\"http:\/\/www.mcgestudio.com\/2015\/wp-content\/uploads\/2017\/08\/tj.png\"><img class=\"alignleft wp-image-201 size-full\" src=\"http:\/\/www.mcgestudio.com\/2015\/wp-content\/uploads\/2017\/08\/tj.png\" alt=\"\" width=\"595\" height=\"442\"><\/a><\/p>\t\t<\/div>\n\n\t\t\r\n\t\t\t\t<\/div><!-- .dslc-module -->\r\n\t\t\r\n\t\t<div id=\"dslc-module-d23cd7fbf08\" class=\"dslc-module-front dslc-module-DSLC_Shortcode dslc-in-viewport-check dslc-in-viewport-anim-none  dslc-col dslc-8-col dslc-last-col  dslc-module-handle-like-regular \" data-module-id=\"d23cd7fbf08\" data-module=\"DSLC_Shortcode\" data-dslc-module-size=\"8\" data-dslc-anim=\"none\" data-dslc-anim-delay=\"\" data-dslc-anim-duration=\"650\"  data-dslc-anim-easing=\"ease\" data-dslc-preset=\"none\" >\r\n\r\n\t\t\t\r\n\t\t\t\r\n\t\t\t\t<div class=\"dslc-module-shortcode\">\n\t\t\t<style id=\"wpforms-css-vars-365\">\n\t\t\t\t#wpforms-365 {\n\t\t\t\t--wpforms-container-padding: 0px;\n--wpforms-container-border-width: 1px;\n--wpforms-container-border-radius: 3px;\n--wpforms-background-color: rgba(0, 0, 0, 0);\n--wpforms-field-size-input-height: 43px;\n--wpforms-field-size-input-spacing: 15px;\n--wpforms-field-size-font-size: 16px;\n--wpforms-field-size-line-height: 19px;\n--wpforms-field-size-padding-h: 14px;\n--wpforms-field-size-checkbox-size: 16px;\n--wpforms-field-size-sublabel-spacing: 5px;\n--wpforms-field-size-icon-size: 1;\n--wpforms-label-size-font-size: 16px;\n--wpforms-label-size-line-height: 19px;\n--wpforms-label-size-sublabel-font-size: 14px;\n--wpforms-label-size-sublabel-line-height: 17px;\n--wpforms-button-size-font-size: 17px;\n--wpforms-button-size-height: 41px;\n--wpforms-button-size-padding-h: 15px;\n--wpforms-button-size-margin-top: 10px;\n--wpforms-container-shadow-size-box-shadow: none;\n\t\t\t}\n\t\t\t<\/style><div class=\"wpforms-container wpforms-container-full wpforms-render-modern\" id=\"wpforms-365\"><form id=\"wpforms-form-365\" class=\"wpforms-validate wpforms-form wpforms-ajax-form\" data-formid=\"365\" method=\"post\" enctype=\"multipart\/form-data\" action=\"\/2015\/wp-json\/wp\/v2\/pages\/239\" data-token=\"075323877b6680e3aced3a5f9c9dcf53\" data-token-time=\"1776759636\"><noscript class=\"wpforms-error-noscript\">Por favor, activa JavaScript en tu navegador para completar este formulario.<\/noscript><div id=\"wpforms-error-noscript\" style=\"display: none;\">Por favor, activa JavaScript en tu navegador para completar este formulario.<\/div><div class=\"wpforms-field-container\"><div id=\"wpforms-365-field_1-container\" class=\"wpforms-field wpforms-field-name\" data-field-id=\"1\"><fieldset><legend class=\"wpforms-field-label\">Nombre <span class=\"wpforms-required-label\" aria-hidden=\"true\">*<\/span><\/legend><div class=\"wpforms-field-row wpforms-field-large\"><div class=\"wpforms-field-row-block wpforms-first wpforms-one-half\"><input type=\"text\" id=\"wpforms-365-field_1\" class=\"wpforms-field-name-first wpforms-field-required\" name=\"wpforms[fields][1][first]\" aria-errormessage=\"wpforms-365-field_1-error\" required><label for=\"wpforms-365-field_1\" class=\"wpforms-field-sublabel after\">Nombre<\/label><\/div><div class=\"wpforms-field-row-block wpforms-one-half\"><input type=\"text\" id=\"wpforms-365-field_1-last\" class=\"wpforms-field-name-last wpforms-field-required\" name=\"wpforms[fields][1][last]\" aria-errormessage=\"wpforms-365-field_1-last-error\" required><label for=\"wpforms-365-field_1-last\" class=\"wpforms-field-sublabel after\">Apellidos<\/label><\/div><\/div><\/fieldset><\/div>\t\t<div id=\"wpforms-365-field_5-container\"\n\t\t\tclass=\"wpforms-field wpforms-field-text\"\n\t\t\tdata-field-type=\"text\"\n\t\t\tdata-field-id=\"5\"\n\t\t\t>\n\t\t\t<label class=\"wpforms-field-label\" for=\"wpforms-365-field_5\" >Asunto mensaje Correo<\/label>\n\t\t\t<input type=\"text\" id=\"wpforms-365-field_5\" class=\"wpforms-field-medium\" name=\"wpforms[fields][5]\" >\n\t\t<\/div>\n\t\t<div id=\"wpforms-365-field_2-container\" class=\"wpforms-field wpforms-field-email\" data-field-id=\"2\"><label class=\"wpforms-field-label\" for=\"wpforms-365-field_2\">Correo electr\u00f3nico <span class=\"wpforms-required-label\" aria-hidden=\"true\">*<\/span><\/label><input type=\"email\" id=\"wpforms-365-field_2\" class=\"wpforms-field-large wpforms-field-required\" name=\"wpforms[fields][2]\" spellcheck=\"false\" aria-errormessage=\"wpforms-365-field_2-error\" required><\/div><div id=\"wpforms-365-field_4-container\" class=\"wpforms-field wpforms-field-text\" data-field-id=\"4\"><label class=\"wpforms-field-label\" for=\"wpforms-365-field_4\">Asunto<\/label><input type=\"text\" id=\"wpforms-365-field_4\" class=\"wpforms-field-large\" name=\"wpforms[fields][4]\" aria-errormessage=\"wpforms-365-field_4-error\" ><\/div><div id=\"wpforms-365-field_3-container\" class=\"wpforms-field wpforms-field-textarea\" data-field-id=\"3\"><label class=\"wpforms-field-label\" for=\"wpforms-365-field_3\">Comentario o mensaje<\/label><textarea id=\"wpforms-365-field_3\" class=\"wpforms-field-medium\" name=\"wpforms[fields][3]\" aria-errormessage=\"wpforms-365-field_3-error\" ><\/textarea><\/div><script>\n\t\t\t\t( function() {\n\t\t\t\t\tconst style = document.createElement( 'style' );\n\t\t\t\t\tstyle.appendChild( document.createTextNode( '#wpforms-365-field_5-container { position: absolute !important; overflow: hidden !important; display: inline !important; height: 1px !important; width: 1px !important; z-index: -1000 !important; padding: 0 !important; } #wpforms-365-field_5-container input { visibility: hidden; } #wpforms-conversational-form-page #wpforms-365-field_5-container label { counter-increment: none; }' ) );\n\t\t\t\t\tdocument.head.appendChild( style );\n\t\t\t\t\tdocument.currentScript?.remove();\n\t\t\t\t} )();\n\t\t\t<\/script><\/div><!-- .wpforms-field-container --><div class=\"wpforms-submit-container\" ><input type=\"hidden\" name=\"wpforms[id]\" value=\"365\"><input type=\"hidden\" name=\"page_title\" value=\"\"><input type=\"hidden\" name=\"page_url\" value=\"https:\/\/mcgestudio.com\/2015\/wp-json\/wp\/v2\/pages\/239\"><input type=\"hidden\" name=\"url_referer\" value=\"\"><button type=\"submit\" name=\"wpforms[submit]\" id=\"wpforms-submit-365\" class=\"wpforms-submit\" data-alt-text=\"Enviando...\" data-submit-text=\"Enviar\" aria-live=\"assertive\" value=\"wpforms-submit\">Enviar<\/button><img src=\"https:\/\/mcgestudio.com\/2015\/wp-content\/plugins\/wpforms-lite\/assets\/images\/submit-spin.svg\" class=\"wpforms-submit-spinner\" style=\"display: none;\" width=\"26\" height=\"26\" alt=\"Cargando\"><\/div><\/form><\/div>  <!-- .wpforms-container -->\t\t<\/div>\n\t\t\r\n\t\t\t\t<\/div><!-- .dslc-module -->\r\n\t\t<\/div><\/div><\/div><\/div>","protected":false},"excerpt":{"rendered":"<p>Hablamos Si te parece un trabajo interesante y crees que puedo ayudarte en tu proyecto, si desear\u00edas un presupuesto a medida, si tienes algun tipo de duda... no dudes en contactar y estar\u00e9 encantado en responderte. Manuel Campos Galv\u00e1nVillanueva del Ariscal, Sevilla 625 851 800 mcg@mcgestudio.com Por favor, activa JavaScript en tu navegador para completar [&hellip;]<\/p>\n","protected":false},"author":1,"featured_media":0,"parent":0,"menu_order":0,"comment_status":"closed","ping_status":"closed","template":"","meta":{"footnotes":""},"class_list":["post-239","page","type-page","status-publish","hentry"],"_links":{"self":[{"href":"https:\/\/mcgestudio.com\/2015\/wp-json\/wp\/v2\/pages\/239","targetHints":{"allow":["GET"]}}],"collection":[{"href":"https:\/\/mcgestudio.com\/2015\/wp-json\/wp\/v2\/pages"}],"about":[{"href":"https:\/\/mcgestudio.com\/2015\/wp-json\/wp\/v2\/types\/page"}],"author":[{"embeddable":true,"href":"https:\/\/mcgestudio.com\/2015\/wp-json\/wp\/v2\/users\/1"}],"replies":[{"embeddable":true,"href":"https:\/\/mcgestudio.com\/2015\/wp-json\/wp\/v2\/comments?post=239"}],"version-history":[{"count":4,"href":"https:\/\/mcgestudio.com\/2015\/wp-json\/wp\/v2\/pages\/239\/revisions"}],"predecessor-version":[{"id":362,"href":"https:\/\/mcgestudio.com\/2015\/wp-json\/wp\/v2\/pages\/239\/revisions\/362"}],"wp:attachment":[{"href":"https:\/\/mcgestudio.com\/2015\/wp-json\/wp\/v2\/media?parent=239"}],"curies":[{"name":"wp","href":"https:\/\/api.w.org\/{rel}","templated":true}]}}