{"id":260,"date":"2017-08-15T10:28:29","date_gmt":"2017-08-15T10:28:29","guid":{"rendered":"http:\/\/www.mcgestudio.com\/2015\/?page_id=260"},"modified":"2019-10-05T11:14:08","modified_gmt":"2019-10-05T11:14:08","slug":"trabajos","status":"publish","type":"page","link":"https:\/\/mcgestudio.com\/2015\/trabajos\/","title":{"rendered":"trabajos"},"content":{"rendered":"<div id=\"dslc-main\">\r\n\t\t\t<div  class=\"dslc-modules-section  dslc-full \" style=\"\" data-section-id=\"76a9167e635\">\r\n\t\t\t\t\r\n\t\t\t\t\r\n\t\t\t\t<div class=\"dslc-modules-section-wrapper dslc-clearfix\"><div  class=\"dslc-modules-area dslc-col dslc-12-col dslc-last-col\" data-size=\"12\" data-valign=\"\" data-modules-area-id=\"\" ><style type=\"text\/css\" id=\"dslca-modules-area-\"><\/style><\/div><\/div><\/div>\r\n\t\t\t<div  class=\"dslc-modules-section  dslc-full \" style=\"background-image:url(https:\/\/mcgestudio.com\/2015\/wp-content\/uploads\/2015\/04\/fondo.jpg);background-repeat:repeat-x;\" data-section-id=\"76a9167e635\">\r\n\t\t\t\t\r\n\t\t\t\t\r\n\t\t\t\t<div class=\"dslc-modules-section-wrapper dslc-clearfix\"><div  class=\"dslc-modules-area dslc-col dslc-12-col dslc-last-col\" data-size=\"12\" data-valign=\"\" data-modules-area-id=\"\" ><style type=\"text\/css\" id=\"dslca-modules-area-\"><\/style>\r\n\t\t<div id=\"dslc-module-065b118a4e7\" class=\"dslc-module-front dslc-module-DSLC_Text_Simple dslc-in-viewport-check dslc-in-viewport-anim-none  dslc-col dslc-12-col dslc-last-col  dslc-module-handle-like-regular \" data-module-id=\"065b118a4e7\" data-module=\"DSLC_Text_Simple\" data-dslc-module-size=\"12\" data-dslc-anim=\"none\" data-dslc-anim-delay=\"\" data-dslc-anim-duration=\"650\"  data-dslc-anim-easing=\"ease\" data-dslc-preset=\"none\" >\r\n\r\n\t\t\t\r\n\t\t\t\r\n\t\t\n\t\t<div class=\"dslc-text-module-content\">\n\t\t\t<h1 style=\"text-align: center;\"><span style=\"color: #ffffff;\"><span style=\"color: #99cc00;\">G<\/span>aler\u00eda de <span style=\"color: #99cc00;\">T<\/span>rabajos<\/span><\/h1>\t\t<\/div>\n\n\t\t\r\n\t\t\t\t<\/div><!-- .dslc-module -->\r\n\t\t\r\n\t\t<div id=\"dslc-module-r30n57ge57o\" class=\"dslc-module-front dslc-module-DSLC_Text_Simple dslc-in-viewport-check dslc-in-viewport-anim-none  dslc-col dslc-12-col dslc-last-col  dslc-module-handle-like-regular \" data-module-id=\"r30n57ge57o\" data-module=\"DSLC_Text_Simple\" data-dslc-module-size=\"12\" data-dslc-anim=\"none\" data-dslc-anim-delay=\"\" data-dslc-anim-duration=\"650\"  data-dslc-anim-easing=\"ease\" data-dslc-preset=\"none\" >\r\n\r\n\t\t\t\r\n\t\t\t\r\n\t\t\n\t\t<div class=\"dslc-text-module-content\">\n\t\t\t<h3 style=\"text-align: center;\"><span style=\"color: #ffffff;\">Una peque\u00f1a selecci\u00f3n de trabajos con la que podr\u00e1s ver lo que podemos ser capaces de hacer por tu empresa.<\/span><\/h3>\t\t<\/div>\n\n\t\t\r\n\t\t\t\t<\/div><!-- .dslc-module -->\r\n\t\t<\/div><\/div><\/div>\r\n\t\t\t<div  class=\"dslc-modules-section \" style=\"\" data-section-id=\"59bfdb51e54\">\r\n\t\t\t\t\r\n\t\t\t\t\r\n\t\t\t\t<div class=\"dslc-modules-section-wrapper dslc-clearfix\"><div  class=\"dslc-modules-area dslc-col dslc-12-col dslc-last-col\" data-size=\"12\" data-valign=\"\" data-modules-area-id=\"\" ><style type=\"text\/css\" id=\"dslca-modules-area-\"><\/style>\r\n\t\t<div id=\"dslc-module-mp38iga1oa8\" class=\"dslc-module-front dslc-module-DSLC_Text_Simple dslc-in-viewport-check dslc-in-viewport-anim-none  dslc-col dslc-12-col dslc-last-col  dslc-module-handle-like-regular \" data-module-id=\"mp38iga1oa8\" data-module=\"DSLC_Text_Simple\" data-dslc-module-size=\"12\" data-dslc-anim=\"none\" data-dslc-anim-delay=\"\" data-dslc-anim-duration=\"650\"  data-dslc-anim-easing=\"ease\" data-dslc-preset=\"none\" >\r\n\r\n\t\t\t\r\n\t\t\t\r\n\t\t\n\t\t<div class=\"dslc-text-module-content\">\n\t\t\t<p>La mejor manera de conocer lo que MCG Estudio puede hacer por tu empresa es ver algunos ejemplos de aplicaciones gr\u00e1ficas realizadas con \u00e9xito. En este apartado hemos agrupado estos trabajos en 3 grupos:<\/p>\t\t<\/div>\n\n\t\t\r\n\t\t\t\t<\/div><!-- .dslc-module -->\r\n\t\t<\/div><div  class=\"dslc-modules-area dslc-col dslc-12-col dslc-last-col\" data-size=\"12\" data-valign=\"\" data-modules-area-id=\"\" ><style type=\"text\/css\" id=\"dslca-modules-area-\"><\/style><\/div><div  class=\"dslc-modules-area dslc-col dslc-12-col dslc-last-col\" data-size=\"12\" data-valign=\"\" data-modules-area-id=\"\" ><style type=\"text\/css\" id=\"dslca-modules-area-\"><\/style>\r\n\t\t<div id=\"dslc-module-28b984609e4\" class=\"dslc-module-front dslc-module-DSLC_Text_Simple dslc-in-viewport-check dslc-in-viewport-anim-none  dslc-col dslc-12-col dslc-last-col  dslc-module-handle-like-regular \" data-module-id=\"28b984609e4\" data-module=\"DSLC_Text_Simple\" data-dslc-module-size=\"12\" data-dslc-anim=\"none\" data-dslc-anim-delay=\"\" data-dslc-anim-duration=\"650\"  data-dslc-anim-easing=\"ease\" data-dslc-preset=\"none\" >\r\n\r\n\t\t\t\r\n\t\t\t\r\n\t\t\n\t\t<div class=\"dslc-text-module-content\">\n\t\t\t<p>En esta selecci\u00f3n podr\u00e1s ver desde dise\u00f1os de logotipos exclusivos para diferentes clientes y modelos de negocio y su aplicaci\u00f3n a distintos formatos dentro de lo que es una imagen corporativa completa.\u00a0<\/p><p>Seguidamente, como todos sabemos, hoy en d\u00eda no eres nadie si no tienes presencia en internet. En MCG Estudio creamos webs totalmente amigables con el entorno google, optimizadas para un buen posicionamiento SEO con dise\u00f1os totalmente <em>reponsive<\/em>\u00a0para que vuestros clientes os encuentren tambi\u00e9n desde sus dispositivos moviles o tablets.\u00a0<\/p><p>Por \u00faltimo aglutinamos todos esos trabajos que crean marca pero preferimos no incluirlo en ninguno de los grupos anteriores.<\/p>\t\t<\/div>\n\n\t\t\r\n\t\t\t\t<\/div><!-- .dslc-module -->\r\n\t\t<\/div><\/div><\/div><\/div>","protected":false},"excerpt":{"rendered":"<p>Galer\u00eda de Trabajos Una peque\u00f1a selecci\u00f3n de trabajos con la que podr\u00e1s ver lo que podemos ser capaces de hacer por tu empresa. La mejor manera de conocer lo que MCG Estudio puede hacer por tu empresa es ver algunos ejemplos de aplicaciones gr\u00e1ficas realizadas con \u00e9xito. En este apartado hemos agrupado estos trabajos en [&hellip;]<\/p>\n","protected":false},"author":1,"featured_media":0,"parent":0,"menu_order":0,"comment_status":"closed","ping_status":"closed","template":"","meta":{"footnotes":""},"class_list":["post-260","page","type-page","status-publish","hentry"],"_links":{"self":[{"href":"https:\/\/mcgestudio.com\/2015\/wp-json\/wp\/v2\/pages\/260","targetHints":{"allow":["GET"]}}],"collection":[{"href":"https:\/\/mcgestudio.com\/2015\/wp-json\/wp\/v2\/pages"}],"about":[{"href":"https:\/\/mcgestudio.com\/2015\/wp-json\/wp\/v2\/types\/page"}],"author":[{"embeddable":true,"href":"https:\/\/mcgestudio.com\/2015\/wp-json\/wp\/v2\/users\/1"}],"replies":[{"embeddable":true,"href":"https:\/\/mcgestudio.com\/2015\/wp-json\/wp\/v2\/comments?post=260"}],"version-history":[{"count":3,"href":"https:\/\/mcgestudio.com\/2015\/wp-json\/wp\/v2\/pages\/260\/revisions"}],"predecessor-version":[{"id":263,"href":"https:\/\/mcgestudio.com\/2015\/wp-json\/wp\/v2\/pages\/260\/revisions\/263"}],"wp:attachment":[{"href":"https:\/\/mcgestudio.com\/2015\/wp-json\/wp\/v2\/media?parent=260"}],"curies":[{"name":"wp","href":"https:\/\/api.w.org\/{rel}","templated":true}]}}