{"id":272,"date":"2017-08-18T10:51:56","date_gmt":"2017-08-18T10:51:56","guid":{"rendered":"http:\/\/www.mcgestudio.com\/2015\/?page_id=272"},"modified":"2019-10-05T10:09:55","modified_gmt":"2019-10-05T10:09:55","slug":"diseno-web","status":"publish","type":"page","link":"https:\/\/mcgestudio.com\/2015\/trabajos\/diseno-web\/","title":{"rendered":"Dise\u00f1o web"},"content":{"rendered":"<div id=\"dslc-main\">\r\n\t\t\t<div  class=\"dslc-modules-section  dslc-valign-  dslc-halign- \" style=\"\" data-section-id=\"62b199e262b\">\r\n\t\t\t\t\r\n\t\t\t\t\r\n\t\t\t\t<div class=\"dslc-modules-section-wrapper dslc-clearfix\"><div  class=\"dslc-modules-area dslc-col dslc-12-col dslc-last-col dslc-valign-  dslc-halign- \" data-size=\"12\" data-valign=\"\" data-modules-area-id=\"54ed4260cb6\" ><style type=\"text\/css\" id=\"dslca-modules-area-54ed4260cb6\">.dslc-modules-area[data-modules-area-id=\"54ed4260cb6\"] {:px;margin-bottom:0px;:px;background-repeat:repeat;background-position:left top;background-attachment:scroll;background-size:auto;border-width:0px;border-style:solid;}<\/style><\/div><\/div><\/div>\r\n\t\t\t<div  class=\"dslc-modules-section  dslc-valign-  dslc-halign- \" style=\"padding-top:0px;padding-bottom:0px;background-image:url(https:\/\/mcgestudio.com\/2015\/wp-content\/uploads\/2015\/04\/fondo.jpg);\" data-section-id=\"62b199e262b\">\r\n\t\t\t\t\r\n\t\t\t\t\r\n\t\t\t\t<div class=\"dslc-modules-section-wrapper dslc-clearfix\"><div  class=\"dslc-modules-area dslc-col dslc-12-col dslc-last-col dslc-valign-  dslc-halign- \" data-size=\"12\" data-valign=\"\" data-modules-area-id=\"e89dc81c46e\" ><style type=\"text\/css\" id=\"dslca-modules-area-e89dc81c46e\">.dslc-modules-area[data-modules-area-id=\"e89dc81c46e\"] {:px;margin-bottom:0px;:px;background-repeat:repeat;background-position:left top;background-attachment:scroll;background-size:auto;border-width:0px;border-style:solid;}<\/style>\r\n\t\t<div id=\"dslc-module-d62c8317d7a\" class=\"dslc-module-front dslc-module-DSLC_Text_Simple dslc-in-viewport-check dslc-in-viewport-anim-none  dslc-col dslc-12-col dslc-last-col  dslc-module-handle-like-regular \" data-module-id=\"d62c8317d7a\" data-module=\"DSLC_Text_Simple\" data-dslc-module-size=\"12\" data-dslc-anim=\"none\" data-dslc-anim-delay=\"\" data-dslc-anim-duration=\"650\"  data-dslc-anim-easing=\"ease\" data-dslc-preset=\"none\" >\r\n\r\n\t\t\t\r\n\t\t\t\r\n\t\t\n\t\t<div class=\"dslc-text-module-content\">\n\t\t\t<h1 style=\"text-align: center;\"><span style=\"color: #ffffff;\"><span style=\"color: #99cc00;\">D<\/span>ise\u00f1o <span style=\"color: #99cc00;\">W<\/span>eb<\/span><\/h1>\t\t<\/div>\n\n\t\t\r\n\t\t\t\t<\/div><!-- .dslc-module -->\r\n\t\t\r\n\t\t<div id=\"dslc-module-uerac56fq5o\" class=\"dslc-module-front dslc-module-DSLC_Text_Simple dslc-in-viewport-check dslc-in-viewport-anim-none  dslc-col dslc-12-col dslc-last-col  dslc-module-handle-like-regular \" data-module-id=\"uerac56fq5o\" data-module=\"DSLC_Text_Simple\" data-dslc-module-size=\"12\" data-dslc-anim=\"none\" data-dslc-anim-delay=\"\" data-dslc-anim-duration=\"650\"  data-dslc-anim-easing=\"ease\" data-dslc-preset=\"none\" >\r\n\r\n\t\t\t\r\n\t\t\t\r\n\t\t\n\t\t<div class=\"dslc-text-module-content\">\n\t\t\t<h3 style=\"text-align: center;\"><span style=\"color: #ffffff;\">Tu cat\u00e1logo al mundo, tu hoja de ruta para llegar a mas clientes, un lugar donde remitirlos en caso de que deseen ver lo que haces...\u00a0<\/span><span style=\"color: #ffffff;\">eso es tu sitio web.<\/span><\/h3>\t\t<\/div>\n\n\t\t\r\n\t\t\t\t<\/div><!-- .dslc-module -->\r\n\t\t<\/div><\/div><\/div>\r\n\t\t\t<div  class=\"dslc-modules-section  dslc-valign-  dslc-halign- \" style=\"\" data-section-id=\"62b199e262b\">\r\n\t\t\t\t\r\n\t\t\t\t\r\n\t\t\t\t<div class=\"dslc-modules-section-wrapper dslc-clearfix\"><div  class=\"dslc-modules-area dslc-col dslc-12-col dslc-last-col dslc-valign-  dslc-halign- \" data-size=\"12\" data-valign=\"\" data-modules-area-id=\"520fd68eb6c\" ><style type=\"text\/css\" id=\"dslca-modules-area-520fd68eb6c\">.dslc-modules-area[data-modules-area-id=\"520fd68eb6c\"] {:px;margin-bottom:0px;:px;background-repeat:repeat;background-position:left top;background-attachment:scroll;background-size:auto;border-width:0px;border-style:solid;}<\/style>\r\n\t\t<div id=\"dslc-module-5ea25c7a973\" class=\"dslc-module-front dslc-module-DSLC_Text_Simple dslc-in-viewport-check dslc-in-viewport-anim-none  dslc-col dslc-12-col dslc-last-col  dslc-module-handle-like-regular \" data-module-id=\"5ea25c7a973\" data-module=\"DSLC_Text_Simple\" data-dslc-module-size=\"12\" data-dslc-anim=\"none\" data-dslc-anim-delay=\"\" data-dslc-anim-duration=\"650\"  data-dslc-anim-easing=\"ease\" data-dslc-preset=\"none\" >\r\n\r\n\t\t\t\r\n\t\t\t\r\n\t\t\n\t\t<div class=\"dslc-text-module-content\">\n\t\t\t<h2>\u00bfPor qu\u00e9 necesitas una web?<\/h2><p><br>En un mundo tan globalizado donde puedes tener un cliente potencial a miles de kilometros de distancia, debes conseguir llegar a \u00e9l de alguna manera para presentarle tu trabajo. Las redes sociales es una gran herramienta para conseguirlo si bien, una red social de una empresa debe llevar un producto, una marca asociada a la que dar publicidad y notoriedad como marca, siendo un altavoz necesario en la campa\u00f1a de publicidad que vas a desarrollar.<br><br>Tu marca necesita un cat\u00e1logo de trabajos, una selecci\u00f3n de tu trabajo y de los beneficios de este para tu cliente. Un lugar donde tu cliente potencial acuda a consultar y acabe siendo seducido. Una herramienta mas en tus labores comerciales a la que puedas invitar de manera gratuita a tus clientes con el fin de fidelizarlos.<br><br>Hoy en d\u00eda, cualquier pregunta que te surja tiene su respuesta en internet... por eso necesitas una web.<\/p>\t\t<\/div>\n\n\t\t\r\n\t\t\t\t<\/div><!-- .dslc-module -->\r\n\t\t<\/div><div  class=\"dslc-modules-area dslc-col dslc-12-col dslc-last-col dslc-valign-  dslc-halign- \" data-size=\"12\" data-valign=\"\" data-modules-area-id=\"3377e9ad2af\" ><style type=\"text\/css\" id=\"dslca-modules-area-3377e9ad2af\">.dslc-modules-area[data-modules-area-id=\"3377e9ad2af\"] {:px;margin-bottom:0px;:px;background-repeat:repeat;background-position:left top;background-attachment:scroll;background-size:auto;border-width:0px;border-style:solid;}<\/style>\r\n\t\t<div id=\"dslc-module-ce195744af4\" class=\"dslc-module-front dslc-module-DSLC_Image dslc-in-viewport-check dslc-in-viewport-anim-sklcBounceIn  dslc-col dslc-3-col  dslc-module-handle-like-regular \" data-module-id=\"ce195744af4\" data-module=\"DSLC_Image\" data-dslc-module-size=\"3\" data-dslc-anim=\"sklcBounceIn\" data-dslc-anim-delay=\"\" data-dslc-anim-duration=\"650\"  data-dslc-anim-easing=\"ease\" data-dslc-preset=\"none\" >\r\n\r\n\t\t\t\r\n\t\t\t\r\n\t\t\t\t<div class=\"dslc-image-container\">\r\n\t\t<div class=\"dslc-image\">\r\n\r\n\t\t\t\r\n\t\t\t\t\r\n\t\t\t\t\t\t\t\t\t<a class=\"\" href=\"http:\/\/vocationaleducationandtraining.es\/\" target=\"_blank\"  >\r\n\t\t\t\t\t\t\t\t\t<img src=\"https:\/\/mcgestudio.com\/2015\/wp-content\/uploads\/2015\/05\/VET.jpg\" alt=\"\" title=\"\" srcset=\"https:\/\/mcgestudio.com\/2015\/wp-content\/uploads\/2015\/05\/VET.jpg 964w, https:\/\/mcgestudio.com\/2015\/wp-content\/uploads\/2015\/05\/VET-300x219.jpg 300w, https:\/\/mcgestudio.com\/2015\/wp-content\/uploads\/2015\/05\/VET-768x561.jpg 768w\" sizes=\"(max-width: 964px) 100vw, 964px\" \/>\r\n\t\t\t\t\t\t\t\t\t<\/a>\r\n\t\t\t\t\r\n\t\t\t\t\r\n\t\t\t\t\t<div class=\"dslc-image-caption\">\r\n\r\n\t\t\t\t\t\t\t\t\t\t\t\t\tVocational Education and Training\t\t\t\t\t\t\t\t\t\t\t<\/div>\r\n\t\t\t\t\t\t\t\t\t<\/div><!-- .dslc-image -->\r\n\t\t<\/div>\r\n\t\t\r\n\t\t\t\t<\/div><!-- .dslc-module -->\r\n\t\t\r\n\t\t<div id=\"dslc-module-05vc2for57\" class=\"dslc-module-front dslc-module-DSLC_Image dslc-in-viewport-check dslc-in-viewport-anim-sklcBounceIn  dslc-col dslc-3-col  dslc-module-handle-like-regular \" data-module-id=\"05vc2for57\" data-module=\"DSLC_Image\" data-dslc-module-size=\"3\" data-dslc-anim=\"sklcBounceIn\" data-dslc-anim-delay=\"\" data-dslc-anim-duration=\"650\"  data-dslc-anim-easing=\"ease\" data-dslc-preset=\"none\" >\r\n\r\n\t\t\t\r\n\t\t\t\r\n\t\t\t\t<div class=\"dslc-image-container\">\r\n\t\t<div class=\"dslc-image\">\r\n\r\n\t\t\t\r\n\t\t\t\t\r\n\t\t\t\t\t\t\t\t\t<a class=\"\" href=\"http:\/\/www.sunmorehealth.com\/es\/\" target=\"_blank\"  >\r\n\t\t\t\t\t\t\t\t\t<img src=\"https:\/\/mcgestudio.com\/2015\/wp-content\/uploads\/2015\/05\/Sunmorehealth.jpg\" alt=\"\" title=\"\" srcset=\"https:\/\/mcgestudio.com\/2015\/wp-content\/uploads\/2015\/05\/Sunmorehealth.jpg 964w, https:\/\/mcgestudio.com\/2015\/wp-content\/uploads\/2015\/05\/Sunmorehealth-300x219.jpg 300w, https:\/\/mcgestudio.com\/2015\/wp-content\/uploads\/2015\/05\/Sunmorehealth-768x561.jpg 768w\" sizes=\"(max-width: 964px) 100vw, 964px\" \/>\r\n\t\t\t\t\t\t\t\t\t<\/a>\r\n\t\t\t\t\r\n\t\t\t\t\r\n\t\t\t\t\t<div class=\"dslc-image-caption\">\r\n\r\n\t\t\t\t\t\t\t\t\t\t\t\t\tSunmorehealth\t\t\t\t\t\t\t\t\t\t\t<\/div>\r\n\t\t\t\t\t\t\t\t\t<\/div><!-- .dslc-image -->\r\n\t\t<\/div>\r\n\t\t\r\n\t\t\t\t<\/div><!-- .dslc-module -->\r\n\t\t\r\n\t\t<div id=\"dslc-module-lhanddc4i8o\" class=\"dslc-module-front dslc-module-DSLC_Image dslc-in-viewport-check dslc-in-viewport-anim-sklcBounceIn  dslc-col dslc-3-col  dslc-module-handle-like-regular \" data-module-id=\"lhanddc4i8o\" data-module=\"DSLC_Image\" data-dslc-module-size=\"3\" data-dslc-anim=\"sklcBounceIn\" data-dslc-anim-delay=\"\" data-dslc-anim-duration=\"650\"  data-dslc-anim-easing=\"ease\" data-dslc-preset=\"none\" >\r\n\r\n\t\t\t\r\n\t\t\t\r\n\t\t\t\t<div class=\"dslc-image-container\">\r\n\t\t<div class=\"dslc-image\">\r\n\r\n\t\t\t\r\n\t\t\t\t\r\n\t\t\t\t\t\t\t\t\t<a class=\"\" href=\"https:\/\/eurofruitglobal.com\/\" target=\"_blank\"  >\r\n\t\t\t\t\t\t\t\t\t<img src=\"https:\/\/mcgestudio.com\/2015\/wp-content\/uploads\/2026\/04\/Euofruit.jpg\" alt=\"\" title=\"\" srcset=\"https:\/\/mcgestudio.com\/2015\/wp-content\/uploads\/2026\/04\/Euofruit.jpg 964w, https:\/\/mcgestudio.com\/2015\/wp-content\/uploads\/2026\/04\/Euofruit-300x219.jpg 300w, https:\/\/mcgestudio.com\/2015\/wp-content\/uploads\/2026\/04\/Euofruit-768x561.jpg 768w\" sizes=\"(max-width: 964px) 100vw, 964px\" \/>\r\n\t\t\t\t\t\t\t\t\t<\/a>\r\n\t\t\t\t\r\n\t\t\t\t\r\n\t\t\t\t\t<div class=\"dslc-image-caption\">\r\n\r\n\t\t\t\t\t\t\t\t\t\t\t\t\tEuro Fruit Global\t\t\t\t\t\t\t\t\t\t\t<\/div>\r\n\t\t\t\t\t\t\t\t\t<\/div><!-- .dslc-image -->\r\n\t\t<\/div>\r\n\t\t\r\n\t\t\t\t<\/div><!-- .dslc-module -->\r\n\t\t\r\n\t\t<div id=\"dslc-module-j1ifm9cpcbo\" class=\"dslc-module-front dslc-module-DSLC_Image dslc-in-viewport-check dslc-in-viewport-anim-sklcBounceIn  dslc-col dslc-3-col dslc-last-col  dslc-module-handle-like-regular \" data-module-id=\"j1ifm9cpcbo\" data-module=\"DSLC_Image\" data-dslc-module-size=\"3\" data-dslc-anim=\"sklcBounceIn\" data-dslc-anim-delay=\"\" data-dslc-anim-duration=\"650\"  data-dslc-anim-easing=\"ease\" data-dslc-preset=\"none\" >\r\n\r\n\t\t\t\r\n\t\t\t\r\n\t\t\t\t<div class=\"dslc-image-container\">\r\n\t\t<div class=\"dslc-image\">\r\n\r\n\t\t\t\r\n\t\t\t\t\r\n\t\t\t\t\t\t\t\t\t<a class=\"\" href=\"https:\/\/olicinar.com\/\" target=\"_blank\"  >\r\n\t\t\t\t\t\t\t\t\t<img src=\"https:\/\/mcgestudio.com\/2015\/wp-content\/uploads\/2026\/04\/Olicinar.jpg\" alt=\"\" title=\"\" srcset=\"https:\/\/mcgestudio.com\/2015\/wp-content\/uploads\/2026\/04\/Olicinar.jpg 964w, https:\/\/mcgestudio.com\/2015\/wp-content\/uploads\/2026\/04\/Olicinar-300x219.jpg 300w, https:\/\/mcgestudio.com\/2015\/wp-content\/uploads\/2026\/04\/Olicinar-768x561.jpg 768w\" sizes=\"(max-width: 964px) 100vw, 964px\" \/>\r\n\t\t\t\t\t\t\t\t\t<\/a>\r\n\t\t\t\t\r\n\t\t\t\t\r\n\t\t\t\t\t<div class=\"dslc-image-caption\">\r\n\r\n\t\t\t\t\t\t\t\t\t\t\t\t\tOlicinar\t\t\t\t\t\t\t\t\t\t\t<\/div>\r\n\t\t\t\t\t\t\t\t\t<\/div><!-- .dslc-image -->\r\n\t\t<\/div>\r\n\t\t\r\n\t\t\t\t<\/div><!-- .dslc-module -->\r\n\t\t<\/div><\/div><\/div><\/div>","protected":false},"excerpt":{"rendered":"<p>Dise\u00f1o Web Tu cat\u00e1logo al mundo, tu hoja de ruta para llegar a mas clientes, un lugar donde remitirlos en caso de que deseen ver lo que haces...\u00a0eso es tu sitio web. \u00bfPor qu\u00e9 necesitas una web?En un mundo tan globalizado donde puedes tener un cliente potencial a miles de kilometros de distancia, debes conseguir [&hellip;]<\/p>\n","protected":false},"author":1,"featured_media":0,"parent":260,"menu_order":0,"comment_status":"closed","ping_status":"closed","template":"","meta":{"footnotes":""},"class_list":["post-272","page","type-page","status-publish","hentry"],"_links":{"self":[{"href":"https:\/\/mcgestudio.com\/2015\/wp-json\/wp\/v2\/pages\/272","targetHints":{"allow":["GET"]}}],"collection":[{"href":"https:\/\/mcgestudio.com\/2015\/wp-json\/wp\/v2\/pages"}],"about":[{"href":"https:\/\/mcgestudio.com\/2015\/wp-json\/wp\/v2\/types\/page"}],"author":[{"embeddable":true,"href":"https:\/\/mcgestudio.com\/2015\/wp-json\/wp\/v2\/users\/1"}],"replies":[{"embeddable":true,"href":"https:\/\/mcgestudio.com\/2015\/wp-json\/wp\/v2\/comments?post=272"}],"version-history":[{"count":1,"href":"https:\/\/mcgestudio.com\/2015\/wp-json\/wp\/v2\/pages\/272\/revisions"}],"predecessor-version":[{"id":273,"href":"https:\/\/mcgestudio.com\/2015\/wp-json\/wp\/v2\/pages\/272\/revisions\/273"}],"up":[{"embeddable":true,"href":"https:\/\/mcgestudio.com\/2015\/wp-json\/wp\/v2\/pages\/260"}],"wp:attachment":[{"href":"https:\/\/mcgestudio.com\/2015\/wp-json\/wp\/v2\/media?parent=272"}],"curies":[{"name":"wp","href":"https:\/\/api.w.org\/{rel}","templated":true}]}}